{"id":1521,"date":"2025-03-14T09:01:04","date_gmt":"2025-03-14T14:01:04","guid":{"rendered":"https:\/\/kokana.co\/product\/bono-de-regalo-fisico\/"},"modified":"2025-05-14T12:28:33","modified_gmt":"2025-05-14T17:28:33","slug":"bono-de-regalo-fisico","status":"publish","type":"product","link":"https:\/\/kokana.co\/es\/producto\/bono-de-regalo-fisico\/","title":{"rendered":"Bono de Regalo F\u00edsico"},"content":{"rendered":"","protected":false},"excerpt":{"rendered":"<p><span style=\"font-weight: 400;\">Si quieres consentir a alguien con algo especial, pero prefieres que tengan la opci\u00f3n de escoger lo que m\u00e1s les guste, el bono de regalo es para ti.\u00a0<\/span><\/p>\n<p><span style=\"font-weight: 400;\">Nuestro bonos de regalo f\u00edsicos y digitales son de uso exclusivo en kokana.co.<\/span><\/p>\n<p><b>**Importante:<\/b><span style=\"font-weight: 400;\"> Los bonos de regalo f\u00edsicos est\u00e1n disponibles \u00fanicamente para compras dentro de Colombia. Si est\u00e1s fuera de Colombia y te gustar\u00eda comprar un bono de regalo, puedes comprar un Bono de Regalo Digital <strong><a href=\"https:\/\/kokana.co\/es\/product\/bono-de-regalo-digital\/\"><span style=\"text-decoration: underline; color: #333399;\">aqu\u00ed<\/span><\/a>.<\/strong>\u00a0<\/span><\/p>\n<p><span style=\"font-weight: 400;\">Los bonos de regalo son compra final, lo que quiere decir que no tienen cambio, ni devoluciones y tampoco pueden ser redimidas por efectivo.<\/span><\/p>\n<p><b>Vigencia:<\/b><span style=\"font-weight: 400;\"> Todas las tarjetas de regalo tienen un a\u00f1o de vigencia a partir de la fecha de compra.\u00a0<\/span><\/p>\n","protected":false},"featured_media":1370,"template":"","meta":[],"product_brand":[],"product_cat":[138],"product_tag":[],"class_list":{"0":"post-1521","1":"product","2":"type-product","3":"status-publish","4":"has-post-thumbnail","6":"product_cat-bonos-de-regalo","8":"first","9":"instock","10":"shipping-taxable","11":"purchasable","12":"product-type-variable"},"_links":{"self":[{"href":"https:\/\/kokana.co\/es\/wp-json\/wp\/v2\/product\/1521","targetHints":{"allow":["GET"]}}],"collection":[{"href":"https:\/\/kokana.co\/es\/wp-json\/wp\/v2\/product"}],"about":[{"href":"https:\/\/kokana.co\/es\/wp-json\/wp\/v2\/types\/product"}],"wp:featuredmedia":[{"embeddable":true,"href":"https:\/\/kokana.co\/es\/wp-json\/wp\/v2\/media\/1370"}],"wp:attachment":[{"href":"https:\/\/kokana.co\/es\/wp-json\/wp\/v2\/media?parent=1521"}],"wp:term":[{"taxonomy":"product_brand","embeddable":true,"href":"https:\/\/kokana.co\/es\/wp-json\/wp\/v2\/product_brand?post=1521"},{"taxonomy":"product_cat","embeddable":true,"href":"https:\/\/kokana.co\/es\/wp-json\/wp\/v2\/product_cat?post=1521"},{"taxonomy":"product_tag","embeddable":true,"href":"https:\/\/kokana.co\/es\/wp-json\/wp\/v2\/product_tag?post=1521"}],"curies":[{"name":"wp","href":"https:\/\/api.w.org\/{rel}","templated":true}]}}