{"id":1499,"date":"2025-04-22T18:41:25","date_gmt":"2025-04-22T23:41:25","guid":{"rendered":"https:\/\/kokana.co\/product\/not-so-boyshorts\/"},"modified":"2025-09-24T18:07:42","modified_gmt":"2025-09-24T23:07:42","slug":"not-so-boyshorts","status":"publish","type":"product","link":"https:\/\/kokana.co\/es\/producto\/not-so-boyshorts\/","title":{"rendered":"&quot;Not so boyshorts&quot;"},"content":{"rendered":"","protected":false},"excerpt":{"rendered":"<p><span style=\"font-weight: 400; font-family: instrument-sans-regu;\">Nuestra versi\u00f3n de los boyshorts tiene un \u00e9nfasis un poco m\u00e1s femenino. Nos gusta pensarlos como un buen ejemplo del yin yang. El balance justo de lo masculino dentro de lo femenino y lo femenino dentro de lo masculino. Por eso nuestra mezcla de colores. Adem\u00e1s su fit es s\u00faper c\u00f3modo!<\/span><\/p>\n<p><span style=\"font-family: instrument-sans-regu;\"><b>Materiales &amp; Cuidados<\/b><\/span><\/p>\n<p><span style=\"font-weight: 400; font-family: instrument-sans-regu;\">Composici\u00f3n: 96% Algod\u00f3n \u00a0 4% Elast\u00f3mero<\/span><\/p>\n<p><span style=\"font-family: instrument-sans-regu;\"><span style=\"font-weight: 400;\">Refuerzo:<\/span> <span style=\"font-weight: 400;\">100% Algod\u00f3n Peruano<\/span><\/span><\/p>\n<p><span style=\"font-family: instrument-sans-regu;\"><span style=\"font-weight: 400;\">Cuidados: Lavar a mano, de forma <\/span><i><span style=\"font-weight: 400;\">gentil<\/span><\/i><span style=\"font-weight: 400;\">,\u00a0 con agua fr\u00eda y jab\u00f3n suave. Secar al aire libre en la sombra sobre tendedero, o dejar secar sobre superficie plana. No retorcer ni usar secadora.\u00a0<\/span><\/span><\/p>\n<p><span style=\"font-family: instrument-sans;\"><b>Regalo<\/b><\/span><\/p>\n<p><span style=\"font-family: instrument-sans-regu;\">Todos los pedidos incluyen nuestro empaque especial de regalo y una tarjeta, como cortes\u00eda para todos \u00a0nuestros clientes.<\/span><\/p>\n<p>Puedes agregar tu mensaje personal en el checkout en la secci\u00f3n \u00abNotas importantes\u00bb.<\/p>\n<p><span style=\"font-family: instrument-sans-regu;\">V\u00e1lido para todos los pedidos hechos a trav\u00e9s de nuestra p\u00e1gina web, Instagram, o WhatsApp.<\/span><\/p>\n<p><span style=\"font-family: instrument-sans-regu;\"><b>Fit &amp; tallas<\/b><\/span><\/p>\n<p><span style=\"font-weight: 400; font-family: instrument-sans-regu;\">La modelo est\u00e1 usando la talla S.<\/span><\/p>\n<p><span style=\"font-family: instrument-sans-regu;\"><span style=\"font-weight: 400;\">Por favor consulta la <\/span><a href=\"https:\/\/kokana.co\/es\/guia-de-tallas\/\"><b><span style=\"text-decoration: underline; color: #333399;\">gu\u00eda de tallas<\/span><\/b><\/a> <span style=\"font-weight: 400;\">para informaci\u00f3n adicional sobre el fit y las tallas.\u00a0<\/span><\/span><\/p>\n<p><span style=\"font-family: instrument-sans-regu;\"><b>Env\u00edos<\/b><\/span><\/p>\n<p><span style=\"font-weight: 400; font-family: instrument-sans-regu;\">Una vez enviado tu pedido, estar\u00e1 contigo de 1-5 d\u00edas h\u00e1biles.<\/span><\/p>\n<p><span style=\"font-family: instrument-sans-regu;\"><span style=\"font-weight: 400;\">Para m\u00e1s informaci\u00f3n sobre env\u00edos, haz <\/span><a href=\"https:\/\/kokana.co\/es\/envios\/\"><b><span style=\"text-decoration: underline; color: #333399;\">click aqu\u00ed.<\/span><\/b><\/a><span style=\"font-weight: 400;\">\u00a0<\/span><\/span><\/p>\n<p><span style=\"font-family: instrument-sans-regu;\"><b>Pol\u00edtica de Devoluci\u00f3n<\/b><\/span><\/p>\n<p><span style=\"font-family: instrument-sans-regu;\"><span style=\"font-weight: 400;\">Los calzones son venta final y no son elegibles para cambio o devoluci\u00f3n. Excepci\u00f3n por garant\u00eda aplica. Para conocer nuestra pol\u00edtica de devoluciones, por favor haz <\/span><span style=\"text-decoration: underline; color: #333399;\"><a style=\"color: #333399;\" href=\"https:\/\/kokana.co\/es\/cambios-devoluciones\/\"><b>click aqu\u00ed<\/b><\/a><span style=\"font-weight: 400;\">.<\/span><\/span><span style=\"font-weight: 400;\">\u00a0<\/span><\/span><\/p>\n","protected":false},"featured_media":1368,"template":"","meta":[],"product_brand":[],"product_cat":[141,139],"product_tag":[],"class_list":{"0":"post-1499","1":"product","2":"type-product","3":"status-publish","4":"has-post-thumbnail","6":"product_cat-calzones","7":"product_cat-lenceria","9":"first","10":"instock","11":"shipping-taxable","12":"purchasable","13":"product-type-variable"},"_links":{"self":[{"href":"https:\/\/kokana.co\/es\/wp-json\/wp\/v2\/product\/1499","targetHints":{"allow":["GET"]}}],"collection":[{"href":"https:\/\/kokana.co\/es\/wp-json\/wp\/v2\/product"}],"about":[{"href":"https:\/\/kokana.co\/es\/wp-json\/wp\/v2\/types\/product"}],"wp:featuredmedia":[{"embeddable":true,"href":"https:\/\/kokana.co\/es\/wp-json\/wp\/v2\/media\/1368"}],"wp:attachment":[{"href":"https:\/\/kokana.co\/es\/wp-json\/wp\/v2\/media?parent=1499"}],"wp:term":[{"taxonomy":"product_brand","embeddable":true,"href":"https:\/\/kokana.co\/es\/wp-json\/wp\/v2\/product_brand?post=1499"},{"taxonomy":"product_cat","embeddable":true,"href":"https:\/\/kokana.co\/es\/wp-json\/wp\/v2\/product_cat?post=1499"},{"taxonomy":"product_tag","embeddable":true,"href":"https:\/\/kokana.co\/es\/wp-json\/wp\/v2\/product_tag?post=1499"}],"curies":[{"name":"wp","href":"https:\/\/api.w.org\/{rel}","templated":true}]}}