{"id":1487,"date":"2025-04-12T18:17:19","date_gmt":"2025-04-12T23:17:19","guid":{"rendered":"https:\/\/kokana.co\/product\/arabella\/"},"modified":"2025-10-07T14:53:36","modified_gmt":"2025-10-07T19:53:36","slug":"arabella","status":"publish","type":"product","link":"https:\/\/kokana.co\/es\/producto\/arabella\/","title":{"rendered":"&quot;Arabella&quot;"},"content":{"rendered":"","protected":false},"excerpt":{"rendered":"<p><span style=\"font-weight: 400; font-family: instrument-sans-regu;\">Nuestra tanga con onditas es muy suave, y con un fit delicioso. Arabella evoca las ondas sonoras, como las que se forman en nuestra tanga. Se siente como si no tuvieras nada puesto. Muy libre.<\/span><\/p>\n<p><span style=\"font-weight: 400; font-family: instrument-sans-regu;\">Hechos bajo pedido.\u00a0<\/span><\/p>\n<p><span style=\"font-family: instrument-sans-regu;\"><b>Acerca del Fit<\/b><\/span><\/p>\n<p><span style=\"font-weight: 400; font-family: instrument-sans-regu;\">La modelo est\u00e1 usando la talla S.<\/span><\/p>\n<p><span style=\"font-family: instrument-sans-regu;\"><b>**<\/b><i><span style=\"font-weight: 400;\">Importante tener en cuenta:<\/span><\/i><span style=\"font-weight: 400;\"> Nuestros calzones Arabella est\u00e1n hechos completamente con tela que no estira. Por esta raz\u00f3n, los calzones, si los coges con tus manos antes de pon\u00e9rtelos se pueden ver visualmente m\u00e1s grandes de lo que tus ojos est\u00e1n acostumbrados con tu talla normal. Sin embargo, el fit corresponde a la talla real. Por lo cu\u00e1l, si eres talla S, tu talla es S.\u00a0<\/span><\/span><\/p>\n<p><span style=\"font-family: instrument-sans-regu;\"><b>**<\/b><span style=\"font-weight: 400;\">Para el fit perfecto recomendamos que compres tu talla real. Bajo ning\u00fan motivo compres una talla menos, ya que no te van a hormar de la forma en la que deber\u00edan hormar los calzones, y no se van a formar las ondas de los lados.\u00a0<\/span><\/span><\/p>\n<p><span style=\"font-family: instrument-sans-regu;\"><span style=\"font-weight: 400;\">Para informaci\u00f3n adicional sobre el fit y las tallas, por favor consulta la <\/span><span style=\"text-decoration: underline;\"><span style=\"color: #333399; text-decoration: underline;\"><a style=\"color: #333399; text-decoration: underline;\" href=\"https:\/\/kokana.co\/es\/guia-de-tallas\/\"><b>gu\u00eda de tallas<\/b><\/a><\/span><\/span><span style=\"font-weight: 400;\"><span style=\"text-decoration: underline;\"><span style=\"color: #333399; text-decoration: underline;\">.<\/span><\/span>\u00a0\u00a0\u00a0<\/span><\/span><\/p>\n<p><span style=\"font-family: instrument-sans-regu;\"><b>Materiales y Cuidados<\/b><\/span><\/p>\n<p><span style=\"font-weight: 400; font-family: instrument-sans-regu;\">Composici\u00f3n: 97% Polyester\u00a0 3% Spandex<\/span><\/p>\n<p><span style=\"font-weight: 400; font-family: instrument-sans-regu;\">Refuerzo: 100% Algod\u00f3n Peruano<\/span><\/p>\n<p><span style=\"font-family: instrument-sans-regu;\"><span style=\"font-weight: 400;\">Cuidados:<\/span> <span style=\"font-weight: 400;\">Lavar a mano, de forma <\/span><i><span style=\"font-weight: 400;\">gentil<\/span><\/i><span style=\"font-weight: 400;\">, con agua fr\u00eda y jab\u00f3n suave. Secar al aire libre en la sombra sobre tendedero, o dejar secar sobre superficie plana. No retorcer ni usar secadora.<\/span><\/span><\/p>\n<p><span style=\"font-family: instrument-sans;\"><b>Regalo<\/b><\/span><\/p>\n<p><span style=\"font-family: instrument-sans-regu;\">Todos los pedidos incluyen nuestro empaque especial de regalo y una tarjeta, como cortes\u00eda para todos \u00a0nuestros clientes.<\/span><\/p>\n<p>Puedes agregar tu mensaje personal en el checkout en la secci\u00f3n \u00abNotas importantes\u00bb.<\/p>\n<p><span style=\"font-family: instrument-sans-regu;\">V\u00e1lido para todos los pedidos hechos a trav\u00e9s de nuestra p\u00e1gina web, Instagram, o WhatsApp.<\/span><\/p>\n<p><span style=\"font-family: instrument-sans-regu;\"><b>Env\u00edos<\/b><\/span><\/p>\n<p><span style=\"font-weight: 400; font-family: instrument-sans-regu;\">Una vez enviado tu pedido, estar\u00e1 contigo de 1-5 d\u00edas h\u00e1biles.<\/span><\/p>\n<p><span style=\"font-family: instrument-sans-regu;\"><span style=\"font-weight: 400;\">Para m\u00e1s informaci\u00f3n acerca de env\u00edos, por favor haz <\/span><span style=\"text-decoration: underline; color: #333399;\"><a style=\"color: #333399;\" href=\"https:\/\/kokana.co\/es\/envios\/\"><b>click aqu\u00ed<\/b><\/a><b>.<\/b><\/span><\/span><\/p>\n<p><span style=\"font-family: instrument-sans-regu;\"><b>Pol\u00edtica de Devoluci\u00f3n<\/b><\/span><\/p>\n<p><span style=\"font-family: instrument-sans-regu;\"><span style=\"font-weight: 400;\">Los calzones son venta final y no son elegibles para cambio o devoluci\u00f3n. Excepci\u00f3n por garant\u00eda aplica. Para conocer m\u00e1s sobre nuestra pol\u00edtica de devoluciones, por favor haz <\/span><span style=\"text-decoration: underline; color: #333399;\"><a style=\"color: #333399;\" href=\"https:\/\/www.kokana.co\/politicas-de-devoluciones\/\"><b>click aqu\u00ed<\/b><\/a><span style=\"font-weight: 400;\">.<\/span><\/span><\/span><\/p>\n<p>&nbsp;<\/p>\n","protected":false},"featured_media":1378,"template":"","meta":[],"product_brand":[],"product_cat":[141,139,137],"product_tag":[],"class_list":{"0":"post-1487","1":"product","2":"type-product","3":"status-publish","4":"has-post-thumbnail","6":"product_cat-calzones","7":"product_cat-lenceria","8":"product_cat-novias","10":"first","11":"instock","12":"shipping-taxable","13":"purchasable","14":"product-type-variable"},"_links":{"self":[{"href":"https:\/\/kokana.co\/es\/wp-json\/wp\/v2\/product\/1487","targetHints":{"allow":["GET"]}}],"collection":[{"href":"https:\/\/kokana.co\/es\/wp-json\/wp\/v2\/product"}],"about":[{"href":"https:\/\/kokana.co\/es\/wp-json\/wp\/v2\/types\/product"}],"wp:featuredmedia":[{"embeddable":true,"href":"https:\/\/kokana.co\/es\/wp-json\/wp\/v2\/media\/1378"}],"wp:attachment":[{"href":"https:\/\/kokana.co\/es\/wp-json\/wp\/v2\/media?parent=1487"}],"wp:term":[{"taxonomy":"product_brand","embeddable":true,"href":"https:\/\/kokana.co\/es\/wp-json\/wp\/v2\/product_brand?post=1487"},{"taxonomy":"product_cat","embeddable":true,"href":"https:\/\/kokana.co\/es\/wp-json\/wp\/v2\/product_cat?post=1487"},{"taxonomy":"product_tag","embeddable":true,"href":"https:\/\/kokana.co\/es\/wp-json\/wp\/v2\/product_tag?post=1487"}],"curies":[{"name":"wp","href":"https:\/\/api.w.org\/{rel}","templated":true}]}}