{"id":1424,"date":"2025-04-15T18:52:30","date_gmt":"2025-04-15T23:52:30","guid":{"rendered":"https:\/\/kokana.co\/sostenibilidad\/"},"modified":"2025-05-14T12:53:34","modified_gmt":"2025-05-14T17:53:34","slug":"sostenibilidad","status":"publish","type":"page","link":"https:\/\/kokana.co\/es\/sostenibilidad\/","title":{"rendered":"Sostenibilidad"},"content":{"rendered":"\n\n  <div class=\"banner has-hover\" id=\"banner-226413721\">\n          <div class=\"banner-inner fill\">\n        <div class=\"banner-bg fill\" >\n                                                \n                    <\/div>\n\t\t\n        <div class=\"banner-layers container\">\n            <div class=\"fill banner-link\"><\/div>            \n\n   <div id=\"text-box-1179243808\" class=\"text-box banner-layer x50 md-x50 lg-x50 y50 md-y50 lg-y50 res-text\">\n                                <div class=\"text-box-content text dark\">\n              \n              <div class=\"text-inner text-center\">\n                  \n\n\n              <\/div>\n           <\/div>\n                            \n<style>\n#text-box-1179243808 {\n  width: 60%;\n}\n#text-box-1179243808 .text-box-content {\n  font-size: 100%;\n}\n@media (min-width:550px) {\n  #text-box-1179243808 {\n    width: 60%;\n  }\n}\n<\/style>\n    <\/div>\n \n\n        <\/div>\n      <\/div>\n\n            \n<style>\n#banner-226413721 {\n  padding-top: 35px;\n  background-color: rgb(229, 227, 214);\n}\n@media (min-width:550px) {\n  #banner-226413721 {\n    padding-top: 35px;\n  }\n}\n<\/style>\n  <\/div>\n\n\n<div class=\"row align-bottom align-center\"  id=\"row-1263679479\">\n\n\n\t<div id=\"col-1371404178\" class=\"col medium-10 small-12 large-10\"  >\n\t\t\t\t<div class=\"col-inner\"  >\n\t\t\t\n\t\t\t\n\n\t<div id=\"gap-1024172774\" class=\"gap-element clearfix\" style=\"display:block; height:auto;\">\n\t\t\n<style>\n#gap-1024172774 {\n  padding-top: 30px;\n}\n<\/style>\n\t<\/div>\n\t\n\n\t<div id=\"text-581488415\" class=\"text\">\n\t\t\n\n<span style=\"font-size: 200%; font-family: muli-reg;\">Sostenibilidad<\/span>\n\t\t\n<style>\n#text-581488415 {\n  line-height: 0.75;\n}\n<\/style>\n\t<\/div>\n\t\n\n\t\t<\/div>\n\t\t\t\t\t<\/div>\n\n\t\n\n<\/div>\n<div class=\"row align-center\"  id=\"row-1159033270\">\n\n\n\t<div id=\"col-211038241\" class=\"col medium-10 small-12 large-10\"  >\n\t\t\t\t<div class=\"col-inner\"  >\n\t\t\t\n\t\t\t\n\n<p style=\"text-align: justify;\"><span style=\"font-weight: 400; font-family: instrument-sans-regu;\">Sustainability is not only a goal for us, but also a path. It&#8217;s not secret that the fashion industry is one of the most polluting industries in the world, and the reality is Para nosotros la sostenibilidad es una meta, pero tambi\u00e9n un camino. No es un secreto que industria de la moda es de las m\u00e1s contaminantes del mundo, y la realidad es que todav\u00eda falta mucho recorrido y avances tecnol\u00f3gicos que permitan a las marcas ser totalmente sostenibles. As\u00ed no seamos 100% sostenibles, creemos que es una necesidad vivir en armon\u00eda con la naturaleza y es nuestro deber tomar acciones, por peque\u00f1as que sean, para que esto pueda ser una realidad.\u00a0<\/span><\/p>\n<p style=\"text-align: justify;\"><span style=\"font-family: instrument-sans-regu;\"><b>C\u00f3mo somos sostenibles?<\/b><\/span><\/p>\n<p style=\"text-align: justify;\"><span style=\"font-weight: 400; font-family: instrument-sans-regu;\">Desde el inicio dise\u00f1amos todos nuestros empaques y herramientas de branding como tarjetas de presentaci\u00f3n, etiquetas, tags, y mailer bags para ser lo m\u00e1s sostenibles posibles, desde su dise\u00f1o minimalista hasta los materiales como el Earth Pact, entre otros, sin afectar la est\u00e9tica de la marca.\u00a0<\/span><\/p>\n<p style=\"text-align: justify;\"><span style=\"font-weight: 400; font-family: instrument-sans-regu;\">Como pol\u00edtica de empresa no hacemos producciones masivas ni lanzamos m\u00faltiples productos cada mes. Compramos vol\u00famenes de telas peque\u00f1os para evitar que nos sobren telas y tambi\u00e9n por temas de exclusividad.\u00a0\u00a0<\/span><\/p>\n<p style=\"text-align: justify;\"><span style=\"font-weight: 400; font-family: instrument-sans-regu;\">Adicionalmente, muchas de nuestras prendas son cortadas a l\u00e1ser, lo que hace que tengamos un uso del material mucho m\u00e1s eficiente y que el desperdicio sea m\u00ednimo. Lo que sobra de los cortes a l\u00e1ser y manuales, lo utilizamos para hacer piezas \u00fanicas y limitadas, o para otros usos especiales dentro de los productos de la marca.\u00a0<\/span><\/p>\n<p style=\"text-align: justify;\"><span style=\"font-weight: 400; font-family: instrument-sans-regu;\">Trabajamos con hilos de poli\u00e9ster reciclado de la mejor calidad, y mientras que nuestras telas no son 100% sostenibles todav\u00eda, utilizamos telas de alt\u00edsima calidad. Queremos que nuestras telas generen bienestar para quien las use; que no suelten qu\u00edmicos t\u00f3xicos y nocivos que ser\u00e1n absorbidos por nuestro cuerpo, por eso nuestra meta es que en un futuro cercano todas nuestras telas sean en lo posible org\u00e1nicas o que est\u00e9n hechas con buenas pr\u00e1cticas ambientales.\u00a0<\/span><\/p>\n<p style=\"text-align: justify;\"><span style=\"font-weight: 400; font-family: instrument-sans-regu;\">Estamos comprometidos con el medio ambiente y tambi\u00e9n con nuestros clientes. Por eso, hay telas que no utilizamos por su p\u00e9sima vejez como es el caso de la microfibra, que tambi\u00e9n es una tela sint\u00e9tica.\u00a0<\/span><\/p>\n<p style=\"text-align: justify;\"><span style=\"font-weight: 400; font-family: instrument-sans-regu;\">Por \u00faltimo, todas nuestras prendas son hechas a mano por mujeres apasionadas por la costura, en talleres peque\u00f1os y en buenas condiciones. Pagamos precios justos por la elaboraci\u00f3n y compromiso con la calidad de cada prenda, y se ve reflejado en el producto final.\u00a0<\/span><\/p>\n\n\t\t<\/div>\n\t\t\t\t\t<\/div>\n\n\t\n\n<\/div>\n\t<div id=\"gap-448655158\" class=\"gap-element clearfix\" style=\"display:block; height:auto;\">\n\t\t\n<style>\n#gap-448655158 {\n  padding-top: 100px;\n}\n<\/style>\n\t<\/div>\n\t\n\n\n","protected":false},"excerpt":{"rendered":"","protected":false},"author":1,"featured_media":0,"parent":0,"menu_order":0,"comment_status":"closed","ping_status":"closed","template":"page-blank.php","meta":{"footnotes":""},"class_list":["post-1424","page","type-page","status-publish","hentry"],"_links":{"self":[{"href":"https:\/\/kokana.co\/es\/wp-json\/wp\/v2\/pages\/1424","targetHints":{"allow":["GET"]}}],"collection":[{"href":"https:\/\/kokana.co\/es\/wp-json\/wp\/v2\/pages"}],"about":[{"href":"https:\/\/kokana.co\/es\/wp-json\/wp\/v2\/types\/page"}],"author":[{"embeddable":true,"href":"https:\/\/kokana.co\/es\/wp-json\/wp\/v2\/users\/1"}],"replies":[{"embeddable":true,"href":"https:\/\/kokana.co\/es\/wp-json\/wp\/v2\/comments?post=1424"}],"version-history":[{"count":2,"href":"https:\/\/kokana.co\/es\/wp-json\/wp\/v2\/pages\/1424\/revisions"}],"predecessor-version":[{"id":1581,"href":"https:\/\/kokana.co\/es\/wp-json\/wp\/v2\/pages\/1424\/revisions\/1581"}],"wp:attachment":[{"href":"https:\/\/kokana.co\/es\/wp-json\/wp\/v2\/media?parent=1424"}],"curies":[{"name":"wp","href":"https:\/\/api.w.org\/{rel}","templated":true}]}}