{"id":1422,"date":"2025-04-15T18:50:42","date_gmt":"2025-04-15T23:50:42","guid":{"rendered":"https:\/\/kokana.co\/servicios\/"},"modified":"2025-06-07T18:25:35","modified_gmt":"2025-06-07T23:25:35","slug":"servicios","status":"publish","type":"page","link":"https:\/\/kokana.co\/es\/servicios\/","title":{"rendered":"Servicios"},"content":{"rendered":"\n\n  <div class=\"banner has-hover\" id=\"banner-1378130201\">\n          <div class=\"banner-inner fill\">\n        <div class=\"banner-bg fill\" >\n                                                \n                    <\/div>\n\t\t\n        <div class=\"banner-layers container\">\n            <div class=\"fill banner-link\"><\/div>            \n\n   <div id=\"text-box-146898913\" class=\"text-box banner-layer x50 md-x50 lg-x50 y50 md-y50 lg-y50 res-text\">\n                                <div class=\"text-box-content text dark\">\n              \n              <div class=\"text-inner text-center\">\n                  \n\n\n              <\/div>\n           <\/div>\n                            \n<style>\n#text-box-146898913 {\n  width: 60%;\n}\n#text-box-146898913 .text-box-content {\n  font-size: 100%;\n}\n@media (min-width:550px) {\n  #text-box-146898913 {\n    width: 60%;\n  }\n}\n<\/style>\n    <\/div>\n \n\n        <\/div>\n      <\/div>\n\n            \n<style>\n#banner-1378130201 {\n  padding-top: 35px;\n  background-color: rgb(229, 227, 214);\n}\n@media (min-width:550px) {\n  #banner-1378130201 {\n    padding-top: 35px;\n  }\n}\n<\/style>\n  <\/div>\n\n\n<div class=\"row align-bottom align-center\"  id=\"row-1436975374\">\n\n\n\t<div id=\"col-1745883148\" class=\"col medium-10 small-12 large-10\"  >\n\t\t\t\t<div class=\"col-inner\"  >\n\t\t\t\n\t\t\t\n\n\t<div id=\"gap-1769905741\" class=\"gap-element clearfix\" style=\"display:block; height:auto;\">\n\t\t\n<style>\n#gap-1769905741 {\n  padding-top: 30px;\n}\n<\/style>\n\t<\/div>\n\t\n\n\t<div id=\"text-273326126\" class=\"text\">\n\t\t\n\n<span style=\"font-size: 200%; font-family: muli-reg;\">Servicios<\/span>\n\t\t\n<style>\n#text-273326126 {\n  line-height: 0.75;\n}\n<\/style>\n\t<\/div>\n\t\n\n\t\t<\/div>\n\t\t\t\t\t<\/div>\n\n\t\n\n<\/div>\n<div class=\"row align-center\"  id=\"row-1026374390\">\n\n\n\t<div id=\"col-553533993\" class=\"col medium-10 small-12 large-10\"  >\n\t\t\t\t<div class=\"col-inner\"  >\n\t\t\t\n\t\t\t\n\n<p style=\"text-align: justify;\">Si quieres consentir a alguien con algo especial, pero no sabes exactamente qu\u00e9 regalarle o no eres la mejor\/el mejor dando regalos y te gustar\u00eda que te asesoraran para dar un regalo muy especial, por favor cont\u00e1ctanos y te ayudamos!\r\n\r\nEn KOKANA ofrecemos un servicio de asesor\u00edas especialmente pensado para clientes como t\u00fa, el cu\u00e1l prestamos con total discreci\u00f3n y profesionalismo. Este servicio es complementario, s\u00f3lo escr\u00edbenos o ll\u00e1manos y te guiamos para que des el regalo perfecto.\r\n\r\nCont\u00e1ctanos directamente a nuestro n\u00famero al +57 315-045-6751, de lunes a viernes entre las 10am-6pm, o los s\u00e1bados de 11am-4pm y con gusto te atenderemos!\r\n\r\nAs\u00ed mismo, si necesitas ayuda o tienes dudas sobre las tallas o quieres personalizar tu pedido con alg\u00fan bordado especial, por favor cont\u00e1ctanos al n\u00famero que aparece arriba. La personalizaci\u00f3n tiene costos adicionales, los cu\u00e1les te informaremos por escrito directamente.<\/p>\n\n\t\t<\/div>\n\t\t\t\t\t<\/div>\n\n\t\n\n<\/div>\n\t<div id=\"gap-401449871\" class=\"gap-element clearfix\" style=\"display:block; height:auto;\">\n\t\t\n<style>\n#gap-401449871 {\n  padding-top: 100px;\n}\n<\/style>\n\t<\/div>\n\t\n\n\n","protected":false},"excerpt":{"rendered":"","protected":false},"author":1,"featured_media":0,"parent":0,"menu_order":0,"comment_status":"closed","ping_status":"closed","template":"page-blank.php","meta":{"footnotes":""},"class_list":["post-1422","page","type-page","status-publish","hentry"],"_links":{"self":[{"href":"https:\/\/kokana.co\/es\/wp-json\/wp\/v2\/pages\/1422","targetHints":{"allow":["GET"]}}],"collection":[{"href":"https:\/\/kokana.co\/es\/wp-json\/wp\/v2\/pages"}],"about":[{"href":"https:\/\/kokana.co\/es\/wp-json\/wp\/v2\/types\/page"}],"author":[{"embeddable":true,"href":"https:\/\/kokana.co\/es\/wp-json\/wp\/v2\/users\/1"}],"replies":[{"embeddable":true,"href":"https:\/\/kokana.co\/es\/wp-json\/wp\/v2\/comments?post=1422"}],"version-history":[{"count":5,"href":"https:\/\/kokana.co\/es\/wp-json\/wp\/v2\/pages\/1422\/revisions"}],"predecessor-version":[{"id":1683,"href":"https:\/\/kokana.co\/es\/wp-json\/wp\/v2\/pages\/1422\/revisions\/1683"}],"wp:attachment":[{"href":"https:\/\/kokana.co\/es\/wp-json\/wp\/v2\/media?parent=1422"}],"curies":[{"name":"wp","href":"https:\/\/api.w.org\/{rel}","templated":true}]}}