{"id":1419,"date":"2025-04-15T18:48:22","date_gmt":"2025-04-15T23:48:22","guid":{"rendered":"https:\/\/kokana.co\/cuidados\/"},"modified":"2025-05-14T12:49:39","modified_gmt":"2025-05-14T17:49:39","slug":"cuidados","status":"publish","type":"page","link":"https:\/\/kokana.co\/es\/cuidados\/","title":{"rendered":"Cuidados"},"content":{"rendered":"\n\n  <div class=\"banner has-hover\" id=\"banner-1977237252\">\n          <div class=\"banner-inner fill\">\n        <div class=\"banner-bg fill\" >\n                                                \n                    <\/div>\n\t\t\n        <div class=\"banner-layers container\">\n            <div class=\"fill banner-link\"><\/div>            \n\n   <div id=\"text-box-475933177\" class=\"text-box banner-layer x50 md-x50 lg-x50 y50 md-y50 lg-y50 res-text\">\n                                <div class=\"text-box-content text dark\">\n              \n              <div class=\"text-inner text-center\">\n                  \n\n\n              <\/div>\n           <\/div>\n                            \n<style>\n#text-box-475933177 {\n  width: 60%;\n}\n#text-box-475933177 .text-box-content {\n  font-size: 100%;\n}\n@media (min-width:550px) {\n  #text-box-475933177 {\n    width: 60%;\n  }\n}\n<\/style>\n    <\/div>\n \n\n        <\/div>\n      <\/div>\n\n            \n<style>\n#banner-1977237252 {\n  padding-top: 35px;\n  background-color: rgb(229, 227, 214);\n}\n@media (min-width:550px) {\n  #banner-1977237252 {\n    padding-top: 35px;\n  }\n}\n<\/style>\n  <\/div>\n\n\n<div class=\"row align-bottom align-center\"  id=\"row-684810271\">\n\n\n\t<div id=\"col-1151492214\" class=\"col medium-10 small-12 large-10\"  >\n\t\t\t\t<div class=\"col-inner\"  >\n\t\t\t\n\t\t\t\n\n\t<div id=\"gap-879323970\" class=\"gap-element clearfix\" style=\"display:block; height:auto;\">\n\t\t\n<style>\n#gap-879323970 {\n  padding-top: 30px;\n}\n<\/style>\n\t<\/div>\n\t\n\n\t<div id=\"text-3192993604\" class=\"text\">\n\t\t\n\n<span style=\"font-size: 200%; font-family: muli-reg;\">C\u00f3mo cuidar tu ropa interior<\/span>\n\t\t\n<style>\n#text-3192993604 {\n  line-height: 1.35;\n}\n@media (min-width:550px) {\n  #text-3192993604 {\n    line-height: 0.75;\n  }\n}\n<\/style>\n\t<\/div>\n\t\n\n\t\t<\/div>\n\t\t\t\t\t<\/div>\n\n\t\n\n<\/div>\n<div class=\"row align-center\"  id=\"row-1599473294\">\n\n\n\t<div id=\"col-927824024\" class=\"col medium-5 small-12 large-5\"  >\n\t\t\t\t<div class=\"col-inner\"  >\n\t\t\t\n\t\t\t\n\n\t<div class=\"img has-hover show-for-small x md-x lg-x y md-y lg-y\" id=\"image_886758276\">\n\t\t\t\t\t\t\t\t<div class=\"img-inner image-cover dark\" style=\"padding-top:17%;margin:0px -300px 30px -30px;\">\n\t\t\t<img loading=\"lazy\" decoding=\"async\" width=\"1707\" height=\"2560\" src=\"https:\/\/kokana.co\/wp-content\/uploads\/2025\/04\/pexels-ron-lach-7778042-scaled.jpg\" class=\"attachment-original size-original\" alt=\"\" srcset=\"https:\/\/kokana.co\/wp-content\/uploads\/2025\/04\/pexels-ron-lach-7778042-scaled.jpg 1707w, https:\/\/kokana.co\/wp-content\/uploads\/2025\/04\/pexels-ron-lach-7778042-scaled-247x370.jpg 247w, https:\/\/kokana.co\/wp-content\/uploads\/2025\/04\/pexels-ron-lach-7778042-scaled-510x765.jpg 510w, https:\/\/kokana.co\/wp-content\/uploads\/2025\/04\/pexels-ron-lach-7778042-200x300.jpg 200w, https:\/\/kokana.co\/wp-content\/uploads\/2025\/04\/pexels-ron-lach-7778042-683x1024.jpg 683w, https:\/\/kokana.co\/wp-content\/uploads\/2025\/04\/pexels-ron-lach-7778042-768x1152.jpg 768w, https:\/\/kokana.co\/wp-content\/uploads\/2025\/04\/pexels-ron-lach-7778042-1024x1536.jpg 1024w, https:\/\/kokana.co\/wp-content\/uploads\/2025\/04\/pexels-ron-lach-7778042-1365x2048.jpg 1365w\" sizes=\"auto, (max-width: 1707px) 100vw, 1707px\" \/>\t\t\t\t\t\t\n\t\t\t\t\t<\/div>\n\t\t\t\t\t\t\t\t\n<style>\n#image_886758276 {\n  width: 100%;\n}\n<\/style>\n\t<\/div>\n\t\n\n<p style=\"text-align: justify;\"><strong>Algod\u00f3n, tul, mesh, o encaje<br \/><\/strong><\/p>\n<p style=\"text-align: justify;\"><span style=\"font-weight: 400;\">Recomendamos lavar por separado toda tu ropa interior, a mano con agua fr\u00eda y un jab\u00f3n<\/span><i><span style=\"font-weight: 400;\"> suave, no alcalino<\/span><\/i><span style=\"font-weight: 400;\">. Lava tu ropa interior de forma delicada, sin frotar o generar mucha fricci\u00f3n, ni retorcer. <\/span><i><span style=\"font-weight: 400;\">No uses<\/span><\/i><span style=\"font-weight: 400;\"> suavizante ni detergentes fuertes <\/span><i><span style=\"font-weight: 400;\">nunca<\/span><\/i><span style=\"font-weight: 400;\">. No remojar.\u00a0<\/span><\/p>\n<p style=\"text-align: justify;\"><span style=\"font-weight: 400;\">Para el secado, cuelga las prendas o ponlas sobre una superficie plana para que se sequen. NO usar secadora <\/span><i><span style=\"font-weight: 400;\">nunca<\/span><\/i><span style=\"font-weight: 400;\">.\u00a0<\/span><\/p>\n<p style=\"text-align: justify;\"><span style=\"font-weight: 400;\">No recomendamos planchar el algod\u00f3n, pero si es necesario, hazlo de forma muy delicada, a temperatura baja. Evita planchar los el\u00e1sticos, ya que se pueden da\u00f1ar con el calor de la plancha.\u00a0<\/span><\/p>\n<p style=\"text-align: justify;\"><span style=\"font-weight: 400;\">No planches nunca el tul, mesh o los encajes. <\/span><\/p>\n\t<div id=\"gap-1565023132\" class=\"gap-element clearfix\" style=\"display:block; height:auto;\">\n\t\t\n<style>\n#gap-1565023132 {\n  padding-top: 20px;\n}\n<\/style>\n\t<\/div>\n\t\n\n\t<div class=\"img has-hover hide-for-medium x md-x lg-x y md-y lg-y\" id=\"image_871030251\">\n\t\t\t\t\t\t\t\t<div class=\"img-inner image-cover dark\" style=\"padding-top:121%;\">\n\t\t\t<img loading=\"lazy\" decoding=\"async\" width=\"1035\" height=\"828\" src=\"https:\/\/kokana.co\/wp-content\/uploads\/2025\/04\/WhatsApp-Image-2025-04-21-at-8.49.41-AM.jpeg\" class=\"attachment-original size-original\" alt=\"\" srcset=\"https:\/\/kokana.co\/wp-content\/uploads\/2025\/04\/WhatsApp-Image-2025-04-21-at-8.49.41-AM.jpeg 1035w, https:\/\/kokana.co\/wp-content\/uploads\/2025\/04\/WhatsApp-Image-2025-04-21-at-8.49.41-AM-247x198.jpeg 247w, https:\/\/kokana.co\/wp-content\/uploads\/2025\/04\/WhatsApp-Image-2025-04-21-at-8.49.41-AM-510x408.jpeg 510w, https:\/\/kokana.co\/wp-content\/uploads\/2025\/04\/WhatsApp-Image-2025-04-21-at-8.49.41-AM-300x240.jpeg 300w, https:\/\/kokana.co\/wp-content\/uploads\/2025\/04\/WhatsApp-Image-2025-04-21-at-8.49.41-AM-1024x819.jpeg 1024w, https:\/\/kokana.co\/wp-content\/uploads\/2025\/04\/WhatsApp-Image-2025-04-21-at-8.49.41-AM-768x614.jpeg 768w\" sizes=\"auto, (max-width: 1035px) 100vw, 1035px\" \/>\t\t\t\t\t\t\n\t\t\t\t\t<\/div>\n\t\t\t\t\t\t\t\t\n<style>\n#image_871030251 {\n  width: 100%;\n}\n<\/style>\n\t<\/div>\n\t\n\n\n\t\t<\/div>\n\t\t\t\t\t<\/div>\n\n\t\n\n\t<div id=\"col-301179747\" class=\"col medium-5 small-12 large-5\"  >\n\t\t\t\t<div class=\"col-inner text-center\"  >\n\t\t\t\n\t\t\t\n\n\t<div class=\"img has-hover show-for-small x md-x lg-x y md-y lg-y\" id=\"image_1152461563\">\n\t\t\t\t\t\t\t\t<div class=\"img-inner image-cover dark\" style=\"padding-top:17%;margin:0px -30px 0px -30px;\">\n\t\t\t<img loading=\"lazy\" decoding=\"async\" width=\"1035\" height=\"828\" src=\"https:\/\/kokana.co\/wp-content\/uploads\/2025\/04\/WhatsApp-Image-2025-04-21-at-8.49.41-AM.jpeg\" class=\"attachment-original size-original\" alt=\"\" srcset=\"https:\/\/kokana.co\/wp-content\/uploads\/2025\/04\/WhatsApp-Image-2025-04-21-at-8.49.41-AM.jpeg 1035w, https:\/\/kokana.co\/wp-content\/uploads\/2025\/04\/WhatsApp-Image-2025-04-21-at-8.49.41-AM-247x198.jpeg 247w, https:\/\/kokana.co\/wp-content\/uploads\/2025\/04\/WhatsApp-Image-2025-04-21-at-8.49.41-AM-510x408.jpeg 510w, https:\/\/kokana.co\/wp-content\/uploads\/2025\/04\/WhatsApp-Image-2025-04-21-at-8.49.41-AM-300x240.jpeg 300w, https:\/\/kokana.co\/wp-content\/uploads\/2025\/04\/WhatsApp-Image-2025-04-21-at-8.49.41-AM-1024x819.jpeg 1024w, https:\/\/kokana.co\/wp-content\/uploads\/2025\/04\/WhatsApp-Image-2025-04-21-at-8.49.41-AM-768x614.jpeg 768w\" sizes=\"auto, (max-width: 1035px) 100vw, 1035px\" \/>\t\t\t\t\t\t\n\t\t\t\t\t<\/div>\n\t\t\t\t\t\t\t\t\n<style>\n#image_1152461563 {\n  width: 100%;\n}\n<\/style>\n\t<\/div>\n\t\n\n\t<div class=\"img has-hover hide-for-medium x md-x lg-x y md-y lg-y\" id=\"image_825860117\">\n\t\t\t\t\t\t\t\t<div class=\"img-inner image-cover dark\" style=\"padding-top:75%;\">\n\t\t\t<img loading=\"lazy\" decoding=\"async\" width=\"1707\" height=\"2560\" src=\"https:\/\/kokana.co\/wp-content\/uploads\/2025\/04\/pexels-ron-lach-7778042-scaled.jpg\" class=\"attachment-original size-original\" alt=\"\" srcset=\"https:\/\/kokana.co\/wp-content\/uploads\/2025\/04\/pexels-ron-lach-7778042-scaled.jpg 1707w, https:\/\/kokana.co\/wp-content\/uploads\/2025\/04\/pexels-ron-lach-7778042-scaled-247x370.jpg 247w, https:\/\/kokana.co\/wp-content\/uploads\/2025\/04\/pexels-ron-lach-7778042-scaled-510x765.jpg 510w, https:\/\/kokana.co\/wp-content\/uploads\/2025\/04\/pexels-ron-lach-7778042-200x300.jpg 200w, https:\/\/kokana.co\/wp-content\/uploads\/2025\/04\/pexels-ron-lach-7778042-683x1024.jpg 683w, https:\/\/kokana.co\/wp-content\/uploads\/2025\/04\/pexels-ron-lach-7778042-768x1152.jpg 768w, https:\/\/kokana.co\/wp-content\/uploads\/2025\/04\/pexels-ron-lach-7778042-1024x1536.jpg 1024w, https:\/\/kokana.co\/wp-content\/uploads\/2025\/04\/pexels-ron-lach-7778042-1365x2048.jpg 1365w\" sizes=\"auto, (max-width: 1707px) 100vw, 1707px\" \/>\t\t\t\t\t\t\n\t\t\t\t\t<\/div>\n\t\t\t\t\t\t\t\t\n<style>\n#image_825860117 {\n  width: 100%;\n}\n<\/style>\n\t<\/div>\n\t\n\n<p style=\"text-align: justify;\"><strong>Seda<\/strong><\/p>\n<p style=\"text-align: justify;\"><span style=\"font-weight: 400;\">Para el mejor cuidado te recomendamos lavar en seco tus prendas o accesorios de seda, as\u00ed mantendr\u00e1 el brillo que tanto nos gusta. S\u00ed puedes lavar tus prendas de seda a mano con agua fr\u00eda, pero ten en cuenta que la tela puede perder un poco su brillo.\u00a0<\/span><\/p>\n<p style=\"text-align: justify;\"><span style=\"font-weight: 400;\">Si decides lavar a mano tus prendas de seda, por favor usa <\/span><i><span style=\"font-weight: 400;\">agua fr\u00eda<\/span><\/i><span style=\"font-weight: 400;\"> siempre y lava todo por el <\/span><i><span style=\"font-weight: 400;\">rev\u00e9s<\/span><\/i><span style=\"font-weight: 400;\"> para proteger la tela, sin remojar ni dejar tus prendas mucho tiempo dentro del agua. Lava de forma delicada, sin frotar ni generar fricci\u00f3n y utiliza un <\/span><i><span style=\"font-weight: 400;\">detergente especial para seda<\/span><\/i><span style=\"font-weight: 400;\"> o un jab\u00f3n muy suave de uso \u00edntimo. NO retorcer. NO uses suavizante ni detergentes fuertes <\/span><i><span style=\"font-weight: 400;\">nunca<\/span><\/i><span style=\"font-weight: 400;\">.\u00a0<\/span><\/p>\n<p style=\"text-align: justify;\"><span style=\"font-weight: 400;\">Pon tus prendas o accesorios sobre una superficie plana para que se sequen de forma natural. No usar secadora NUNCA.<\/span><\/p>\n<p style=\"text-align: justify;\"><span style=\"font-weight: 400;\">Una vez est\u00e9 seca tu prenda, usa una plancha a vapor para planchar por el rev\u00e9s de la prenda y no muy cerca de tu ropa, a una distancia de 15cms (seis pulgadas) por lo menos, y a temperatura baja.\u00a0<\/span><\/p>\n<p style=\"text-align: justify;\"><span style=\"font-weight: 400;\">Queremos que tu ropa te dure, y un buen cuidado ayuda mucho&#8230;<\/span><\/p>\n\n\t\t<\/div>\n\t\t\t\t\t<\/div>\n\n\t\n\n<\/div>\n\t<div id=\"gap-1700902768\" class=\"gap-element clearfix\" style=\"display:block; height:auto;\">\n\t\t\n<style>\n#gap-1700902768 {\n  padding-top: 100px;\n}\n<\/style>\n\t<\/div>\n\t\n\n\n","protected":false},"excerpt":{"rendered":"","protected":false},"author":1,"featured_media":0,"parent":0,"menu_order":0,"comment_status":"closed","ping_status":"closed","template":"page-blank.php","meta":{"footnotes":""},"class_list":["post-1419","page","type-page","status-publish","hentry"],"_links":{"self":[{"href":"https:\/\/kokana.co\/es\/wp-json\/wp\/v2\/pages\/1419","targetHints":{"allow":["GET"]}}],"collection":[{"href":"https:\/\/kokana.co\/es\/wp-json\/wp\/v2\/pages"}],"about":[{"href":"https:\/\/kokana.co\/es\/wp-json\/wp\/v2\/types\/page"}],"author":[{"embeddable":true,"href":"https:\/\/kokana.co\/es\/wp-json\/wp\/v2\/users\/1"}],"replies":[{"embeddable":true,"href":"https:\/\/kokana.co\/es\/wp-json\/wp\/v2\/comments?post=1419"}],"version-history":[{"count":4,"href":"https:\/\/kokana.co\/es\/wp-json\/wp\/v2\/pages\/1419\/revisions"}],"predecessor-version":[{"id":1577,"href":"https:\/\/kokana.co\/es\/wp-json\/wp\/v2\/pages\/1419\/revisions\/1577"}],"wp:attachment":[{"href":"https:\/\/kokana.co\/es\/wp-json\/wp\/v2\/media?parent=1419"}],"curies":[{"name":"wp","href":"https:\/\/api.w.org\/{rel}","templated":true}]}}