{"id":1415,"date":"2025-04-15T18:53:27","date_gmt":"2025-04-15T23:53:27","guid":{"rendered":"https:\/\/kokana.co\/final-del-ciclo\/"},"modified":"2025-05-14T12:54:24","modified_gmt":"2025-05-14T17:54:24","slug":"final-del-ciclo","status":"publish","type":"page","link":"https:\/\/kokana.co\/es\/final-del-ciclo\/","title":{"rendered":"Final del ciclo"},"content":{"rendered":"\n\n  <div class=\"banner has-hover\" id=\"banner-557659708\">\n          <div class=\"banner-inner fill\">\n        <div class=\"banner-bg fill\" >\n                                                \n                    <\/div>\n\t\t\n        <div class=\"banner-layers container\">\n            <div class=\"fill banner-link\"><\/div>            \n\n   <div id=\"text-box-1744443513\" class=\"text-box banner-layer x50 md-x50 lg-x50 y50 md-y50 lg-y50 res-text\">\n                                <div class=\"text-box-content text dark\">\n              \n              <div class=\"text-inner text-center\">\n                  \n\n\n              <\/div>\n           <\/div>\n                            \n<style>\n#text-box-1744443513 {\n  width: 60%;\n}\n#text-box-1744443513 .text-box-content {\n  font-size: 100%;\n}\n@media (min-width:550px) {\n  #text-box-1744443513 {\n    width: 60%;\n  }\n}\n<\/style>\n    <\/div>\n \n\n        <\/div>\n      <\/div>\n\n            \n<style>\n#banner-557659708 {\n  padding-top: 35px;\n  background-color: rgb(229, 227, 214);\n}\n@media (min-width:550px) {\n  #banner-557659708 {\n    padding-top: 35px;\n  }\n}\n<\/style>\n  <\/div>\n\n\n<div class=\"row align-bottom align-center\"  id=\"row-995164693\">\n\n\n\t<div id=\"col-301952984\" class=\"col medium-10 small-12 large-10\"  >\n\t\t\t\t<div class=\"col-inner\"  >\n\t\t\t\n\t\t\t\n\n\t<div id=\"gap-2091890965\" class=\"gap-element clearfix\" style=\"display:block; height:auto;\">\n\t\t\n<style>\n#gap-2091890965 {\n  padding-top: 30px;\n}\n<\/style>\n\t<\/div>\n\t\n\n\t<div id=\"text-3865847968\" class=\"text\">\n\t\t\n\n<span style=\"font-size: 200%; font-family: muli-reg;\">Final del ciclo<\/span>\n\t\t\n<style>\n#text-3865847968 {\n  line-height: 0.75;\n}\n<\/style>\n\t<\/div>\n\t\n\n\t\t<\/div>\n\t\t\t\t\t<\/div>\n\n\t\n\n<\/div>\n<div class=\"row align-center\"  id=\"row-151726346\">\n\n\n\t<div id=\"col-53158870\" class=\"col medium-10 small-12 large-10\"  >\n\t\t\t\t<div class=\"col-inner\"  >\n\t\t\t\n\t\t\t\n\n<p style=\"text-align: justify;\"><span style=\"font-weight: 400; font-family: instrument-sans-regu;\">Hacemos tus prendas para que duren, pero dado el uso que tiene la ropa interior, eventualmente su ciclo de vida llegar\u00e1 a su fin. Si tus calzones perdieron su horma, su tela est\u00e1 m\u00e1s delgada por el uso que le has dado, los frotaste fuerte y se te rompieron, o se te mancharon y no tienen arreglo, ya cumplieron su ciclo y es importante saber c\u00f3mo desechar tu prenda por razones ambientales.\u00a0<\/span><\/p>\n<p style=\"text-align: justify;\"><span style=\"font-weight: 400; font-family: instrument-sans-regu;\">Idealmente, habr\u00eda por lo menos un lugar o empresa encargada de reciclar textiles en todas las ciudades del mundo, y si en tu ciudad lo hay, puedes comunicarte directamente con ellos para reciclar las telas de todo tipo (sint\u00e9ticas y naturales) debidamente.<\/span><\/p>\n<p style=\"text-align: justify;\"><span style=\"font-weight: 400; font-family: instrument-sans-regu;\">Ya que en Colombia y otros pa\u00edses no lo hay por el momento, esto es lo que te recomendamos:<\/span><\/p>\n<p style=\"text-align: justify;\"><span style=\"font-family: instrument-sans-regu;\"><span style=\"font-weight: 400;\">Si tu prenda o accesorio es de algod\u00f3n, seda, modal, bamboo o tencel\/lyocell, te recomendamos quitarle los el\u00e1sticos, los hilos y cortar la tela de algod\u00f3n peque\u00f1ita y botarla con los residuos org\u00e1nicos para que se biodegrade en poco tiempo. Los el\u00e1sticos usualmente est\u00e1n hechos de polyester (un tipo de pl\u00e1stico) o materiales sint\u00e9ticos, y nuestros hilos est\u00e1n hechos de polyester reciclado. Dado que no hay una informaci\u00f3n clara de c\u00f3mo reciclar estos materiales actualmente en Colombia, nuestra sugerencia es meterlos en una <\/span><a href=\"https:\/\/botellasdeamor.org\/\"><span style=\"font-weight: 400;\">botellita de amor<\/span><\/a><span style=\"font-weight: 400;\"> para reciclarlos con otros pl\u00e1sticos, o ponerlos en la caneca de reciclaje con otros plasticos, vidrio, y papel.\u00a0<\/span><\/span><\/p>\n<p style=\"text-align: justify;\"><span style=\"font-family: instrument-sans-regu;\"><span style=\"font-weight: 400;\">Si tu prenda es de polyester o nylon, te recomendamos quitarle el refuerzo de algod\u00f3n, cortarlo en pedacitos chiquitos y botarlo en la basura org\u00e1nica. Despu\u00e9s qu\u00edtale los el\u00e1sticos e hilos y m\u00e9telos en la botellita de amor para que se reciclen. Lo otro lo puedes cortar peque\u00f1ito y meter en la <\/span><a href=\"https:\/\/botellasdeamor.org\/\"><span style=\"font-weight: 400;\">botellita de amor<\/span><\/a><span style=\"font-weight: 400;\"> tambi\u00e9n.<\/span><\/span><\/p>\n<p style=\"text-align: justify;\"><span style=\"font-family: instrument-sans-regu;\"><b>**Nota:<\/b><span style=\"font-weight: 400;\"> K O K A N A no tiene ning\u00fan tipo de afiliaci\u00f3n con la fundaci\u00f3n botellas de amor. Lo ponemos como opci\u00f3n porque es algo que como personas fuera de K O K A N A hacemos individualmente. Sin embargo, no tenemos ninguna afiliaci\u00f3n con esa organzaci\u00f3n. <\/span><\/span><\/p>\n\n\t\t<\/div>\n\t\t\t\t\t<\/div>\n\n\t\n\n<\/div>\n\t<div id=\"gap-745935814\" class=\"gap-element clearfix\" style=\"display:block; height:auto;\">\n\t\t\n<style>\n#gap-745935814 {\n  padding-top: 100px;\n}\n<\/style>\n\t<\/div>\n\t\n\n<div class=\"row align-center\"  id=\"row-538172363\">\n\n\n\t<div id=\"col-1039195227\" class=\"col medium-9 small-12 large-9\"  >\n\t\t\t\t<div class=\"col-inner\"  >\n\t\t\t\n\t\t\t\n\n<p><\/p>\n\t<div id=\"gap-1145177669\" class=\"gap-element clearfix\" style=\"display:block; height:auto;\">\n\t\t\n<style>\n#gap-1145177669 {\n  padding-top: 30px;\n}\n<\/style>\n\t<\/div>\n\t\n\n<p><\/p>\n\n\t\t<\/div>\n\t\t\t\t\t<\/div>\n\n\t\n\n<\/div>\n\t<div id=\"gap-1856080513\" class=\"gap-element clearfix\" style=\"display:block; height:auto;\">\n\t\t\n<style>\n#gap-1856080513 {\n  padding-top: 100px;\n}\n<\/style>\n\t<\/div>\n\t\n\n\n","protected":false},"excerpt":{"rendered":"","protected":false},"author":1,"featured_media":0,"parent":0,"menu_order":0,"comment_status":"closed","ping_status":"closed","template":"page-blank.php","meta":{"footnotes":""},"class_list":["post-1415","page","type-page","status-publish","hentry"],"_links":{"self":[{"href":"https:\/\/kokana.co\/es\/wp-json\/wp\/v2\/pages\/1415","targetHints":{"allow":["GET"]}}],"collection":[{"href":"https:\/\/kokana.co\/es\/wp-json\/wp\/v2\/pages"}],"about":[{"href":"https:\/\/kokana.co\/es\/wp-json\/wp\/v2\/types\/page"}],"author":[{"embeddable":true,"href":"https:\/\/kokana.co\/es\/wp-json\/wp\/v2\/users\/1"}],"replies":[{"embeddable":true,"href":"https:\/\/kokana.co\/es\/wp-json\/wp\/v2\/comments?post=1415"}],"version-history":[{"count":2,"href":"https:\/\/kokana.co\/es\/wp-json\/wp\/v2\/pages\/1415\/revisions"}],"predecessor-version":[{"id":1582,"href":"https:\/\/kokana.co\/es\/wp-json\/wp\/v2\/pages\/1415\/revisions\/1582"}],"wp:attachment":[{"href":"https:\/\/kokana.co\/es\/wp-json\/wp\/v2\/media?parent=1415"}],"curies":[{"name":"wp","href":"https:\/\/api.w.org\/{rel}","templated":true}]}}