{"id":1403,"date":"2025-04-12T18:24:23","date_gmt":"2025-04-12T23:24:23","guid":{"rendered":"https:\/\/kokana.co\/sobre-nosotros\/"},"modified":"2025-09-24T18:23:52","modified_gmt":"2025-09-24T23:23:52","slug":"sobre-nosotros","status":"publish","type":"page","link":"https:\/\/kokana.co\/es\/sobre-nosotros\/","title":{"rendered":"Sobre Nosotros"},"content":{"rendered":"\n  <div class=\"banner has-hover\" id=\"banner-423857294\">\n          <div class=\"banner-inner fill\">\n        <div class=\"banner-bg fill\" >\n                                                \n                    <\/div>\n\t\t\n        <div class=\"banner-layers container\">\n            <div class=\"fill banner-link\"><\/div>            \n   <div id=\"text-box-1858385923\" class=\"text-box banner-layer x50 md-x50 lg-x50 y50 md-y50 lg-y50 res-text\">\n                                <div class=\"text-box-content text dark\">\n              \n              <div class=\"text-inner text-center\">\n                  \n              <\/div>\n           <\/div>\n                            \n<style>\n#text-box-1858385923 {\n  width: 60%;\n}\n#text-box-1858385923 .text-box-content {\n  font-size: 100%;\n}\n@media (min-width:550px) {\n  #text-box-1858385923 {\n    width: 60%;\n  }\n}\n<\/style>\n    <\/div>\n \n        <\/div>\n      <\/div>\n\n            \n<style>\n#banner-423857294 {\n  padding-top: 100px;\n  background-color: rgb(229, 227, 214);\n}\n@media (min-width:550px) {\n  #banner-423857294 {\n    padding-top: 35px;\n  }\n}\n<\/style>\n  <\/div>\n\n\n<div class=\"row align-bottom align-center\"  id=\"row-2024321322\">\n\n\t<div id=\"col-2046876287\" class=\"col medium-10 small-12 large-10\"  >\n\t\t\t\t<div class=\"col-inner\"  >\n\t\t\t\n\t\t\t\n\t<div id=\"gap-539440863\" class=\"gap-element clearfix\" style=\"display:block; height:auto;\">\n\t\t\n<style>\n#gap-539440863 {\n  padding-top: 30px;\n}\n<\/style>\n\t<\/div>\n\t\n\t<div id=\"text-1263450225\" class=\"text\">\n\t\t\n<p><span style=\"font-size: 200%; font-family: muli-reg;\">Sobre Nosotros<\/span><br \/>\n\t\t\n<style>\n#text-1263450225 {\n  line-height: 0.75;\n}\n<\/style>\n\t<\/div>\n\t\n\t\t<\/div>\n\t\t\t\t\t<\/div>\n\n\t\n\n\t<div id=\"col-2130316073\" class=\"col show-for-small medium-5 small-12 large-5\"  >\n\t\t\t\t<div class=\"col-inner text-center\"  >\n\t\t\t\n\t\t\t\n\t<div id=\"gap-822401532\" class=\"gap-element clearfix\" style=\"display:block; height:auto;\">\n\t\t\n<style>\n#gap-822401532 {\n  padding-top: 0px;\n}\n@media (min-width:550px) {\n  #gap-822401532 {\n    padding-top: 30px;\n  }\n}\n<\/style>\n\t<\/div>\n\t\n\t<div class=\"img has-hover x md-x lg-x y md-y lg-y\" id=\"image_1529894138\">\n\t\t\t\t\t\t\t\t<div class=\"img-inner dark\" >\n\t\t\t<img loading=\"lazy\" decoding=\"async\" width=\"704\" height=\"711\" src=\"https:\/\/kokana.co\/wp-content\/uploads\/2025\/04\/About-Kokana-e1745903387458.png\" class=\"attachment-original size-original\" alt=\"\" srcset=\"https:\/\/kokana.co\/wp-content\/uploads\/2025\/04\/About-Kokana-e1745903387458.png 704w, https:\/\/kokana.co\/wp-content\/uploads\/2025\/04\/About-Kokana-e1745903387458-247x249.png 247w, https:\/\/kokana.co\/wp-content\/uploads\/2025\/04\/About-Kokana-e1745903387458-100x100.png 100w, https:\/\/kokana.co\/wp-content\/uploads\/2025\/04\/About-Kokana-e1745903387458-510x515.png 510w, https:\/\/kokana.co\/wp-content\/uploads\/2025\/04\/About-Kokana-e1745903387458-297x300.png 297w, https:\/\/kokana.co\/wp-content\/uploads\/2025\/04\/About-Kokana-e1745903387458-150x150.png 150w, https:\/\/kokana.co\/wp-content\/uploads\/2025\/04\/About-Kokana-e1745903387458-12x12.png 12w\" sizes=\"auto, (max-width: 704px) 100vw, 704px\" \/>\t\t\t\t\t\t\n\t\t\t\t\t<\/div>\n\t\t\t\t\t\t\t\t\n<style>\n#image_1529894138 {\n  width: 75%;\n}\n@media (min-width:550px) {\n  #image_1529894138 {\n    width: 100%;\n  }\n}\n<\/style>\n\t<\/div>\n\t\n\t\t<\/div>\n\t\t\t\t\t<\/div>\n\n\t\n<\/div>\n<div class=\"row align-center\"  id=\"row-980284822\">\n\n\t<div id=\"col-729200717\" class=\"col medium-5 small-12 large-5\"  >\n\t\t\t\t<div class=\"col-inner\"  >\n\t\t\t\n\t\t\t\n<p><span style=\"font-weight: 400; font-family: instrument-sans-regu;\">KOKANA es una marca independiente de ropa interior de lujo en Colombia. Todo lo que ves en esta p\u00e1gina web ha sido hecho en cantidades limitadas con mucho amor, paciencia, dedicaci\u00f3n, cuidado y atenci\u00f3n al detalle.<\/span><\/p>\n<p><span style=\"font-weight: 400; font-family: instrument-sans-regu;\">La idea de la marca naci\u00f3 en 2019, y desde ah\u00ed se ha transformado y ha evolucionado a lo que es hoy: una celebraci\u00f3n a la mujer y la belleza (la cu\u00e1l es subjetiva y viene en muchas formas). Una oda a la intimidad. Una marca en constante exploraci\u00f3n y experimentaci\u00f3n de texturas, formas, colores, creatividad y los cinco sentidos, para llevar una experiencia sensorial especial para cada mujer.\u00a0<\/span><\/p>\n<p><span style=\"font-weight: 400; font-family: instrument-sans-regu;\">La sostenibilidad siempre ser\u00e1 una meta y un camino . No s\u00f3lo porque es bueno para el planeta, sino porque al final siempre va a ser mejor para la salud de la mujer, y esa es la meta. El bienestar, un gusto especial por la belleza, la exploraci\u00f3n, los cinco sentidos, la calidad y la creatividad en todas sus formas siempre ser\u00e1n nuestra base y es de donde partimos e iremos construyendo y evolucionando con el tiempo. Como marca, el cuestionamiento y desaf\u00edo de algunas creencias que giran alrededor de las definiciones sobre la belleza y lo que es considerado sexy es algo que estar\u00e1 presente en nuestros productos y en la forma en la que la marca es comunicada.\u00a0<\/span><\/p>\n<p><span style=\"font-weight: 400; font-family: instrument-sans-regu;\">KOKANA significa precioso en japon\u00e9s. Algo de valor. Algo lindo. Y eso es lo que esperamos. Darles algo que puedan valorar, que amen, aprecien, donde se sientan bien y que puedan disfrutar!<\/span><br \/>\n<div class=\"row\"  id=\"row-1366060759\">\n\n\t<div id=\"col-620490240\" class=\"col medium-10 small-12 large-10\"  >\n\t\t\t\t<div class=\"col-inner\"  >\n\t\t\t\n\t\t\t\n\t<div class=\"img has-hover x md-x lg-x y md-y lg-y\" id=\"image_966819780\">\n\t\t\t\t\t\t\t\t<div class=\"img-inner dark\" style=\"margin:0px 0px -70px 0px;\">\n\t\t\t<img loading=\"lazy\" decoding=\"async\" width=\"446\" height=\"663\" src=\"https:\/\/kokana.co\/wp-content\/uploads\/2025\/05\/small-kokana-heart-01.png\" class=\"attachment-original size-original\" alt=\"\" srcset=\"https:\/\/kokana.co\/wp-content\/uploads\/2025\/05\/small-kokana-heart-01.png 446w, https:\/\/kokana.co\/wp-content\/uploads\/2025\/05\/small-kokana-heart-01-247x367.png 247w, https:\/\/kokana.co\/wp-content\/uploads\/2025\/05\/small-kokana-heart-01-202x300.png 202w, https:\/\/kokana.co\/wp-content\/uploads\/2025\/05\/small-kokana-heart-01-8x12.png 8w\" sizes=\"auto, (max-width: 446px) 100vw, 446px\" \/>\t\t\t\t\t\t\n\t\t\t\t\t<\/div>\n\t\t\t\t\t\t\t\t\n<style>\n#image_966819780 {\n  width: 12%;\n}\n@media (min-width:550px) {\n  #image_966819780 {\n    width: 14%;\n  }\n}\n<\/style>\n\t<\/div>\n\t\n\t<div id=\"text-4071759332\" class=\"text\">\n\t\t\n<p><\/p>\n<p><span style=\"font-family: madeline;\">\u00a0 \u00a0 \u00a0Kokana<\/span><\/p>\n<p>\n\t\t\n<style>\n#text-4071759332 {\n  font-size: 2.95rem;\n}\n<\/style>\n\t<\/div>\n\t\n\t\t<\/div>\n\t\t\t\t\n<style>\n#col-620490240 > .col-inner {\n  padding: 0px 0px 0px 0px;\n}\n<\/style>\n\t<\/div>\n\n\t\n<\/div>\n\t<div id=\"text-3892300339\" class=\"text hidden\">\n\t\t\n<p><span style=\"font-family: madeline;\"><img loading=\"lazy\" decoding=\"async\" class=\"alignnone wp-image-956\" src=\"https:\/\/kokana.co\/wp-content\/uploads\/2025\/05\/small-kokana-heart-01-202x300.png\" alt=\"\" width=\"26\" height=\"39\" srcset=\"https:\/\/kokana.co\/wp-content\/uploads\/2025\/05\/small-kokana-heart-01-202x300.png 202w, https:\/\/kokana.co\/wp-content\/uploads\/2025\/05\/small-kokana-heart-01-247x367.png 247w, https:\/\/kokana.co\/wp-content\/uploads\/2025\/05\/small-kokana-heart-01-8x12.png 8w, https:\/\/kokana.co\/wp-content\/uploads\/2025\/05\/small-kokana-heart-01.png 446w\" sizes=\"auto, (max-width: 26px) 100vw, 26px\" \/> Kokana<\/span><br \/>\n\t\t\n<style>\n#text-3892300339 {\n  font-size: 2.95rem;\n}\n<\/style>\n\t<\/div>\n\t\n\t\t<\/div>\n\t\t\t\t\t<\/div>\n\n\t\n\n\t<div id=\"col-1382763802\" class=\"col hide-for-medium medium-5 small-12 large-5\"  >\n\t\t\t\t<div class=\"col-inner text-center\"  >\n\t\t\t\n\t\t\t\n\t<div id=\"gap-886098536\" class=\"gap-element clearfix\" style=\"display:block; height:auto;\">\n\t\t\n<style>\n#gap-886098536 {\n  padding-top: 0px;\n}\n@media (min-width:550px) {\n  #gap-886098536 {\n    padding-top: 30px;\n  }\n}\n<\/style>\n\t<\/div>\n\t\n\t<div class=\"img has-hover x md-x lg-x y md-y lg-y\" id=\"image_939472496\">\n\t\t\t\t\t\t\t\t<div class=\"img-inner dark\" >\n\t\t\t<img loading=\"lazy\" decoding=\"async\" width=\"704\" height=\"711\" src=\"https:\/\/kokana.co\/wp-content\/uploads\/2025\/04\/About-Kokana-e1745903387458.png\" class=\"attachment-original size-original\" alt=\"\" srcset=\"https:\/\/kokana.co\/wp-content\/uploads\/2025\/04\/About-Kokana-e1745903387458.png 704w, https:\/\/kokana.co\/wp-content\/uploads\/2025\/04\/About-Kokana-e1745903387458-247x249.png 247w, https:\/\/kokana.co\/wp-content\/uploads\/2025\/04\/About-Kokana-e1745903387458-100x100.png 100w, https:\/\/kokana.co\/wp-content\/uploads\/2025\/04\/About-Kokana-e1745903387458-510x515.png 510w, https:\/\/kokana.co\/wp-content\/uploads\/2025\/04\/About-Kokana-e1745903387458-297x300.png 297w, https:\/\/kokana.co\/wp-content\/uploads\/2025\/04\/About-Kokana-e1745903387458-150x150.png 150w, https:\/\/kokana.co\/wp-content\/uploads\/2025\/04\/About-Kokana-e1745903387458-12x12.png 12w\" sizes=\"auto, (max-width: 704px) 100vw, 704px\" \/>\t\t\t\t\t\t\n\t\t\t\t\t<\/div>\n\t\t\t\t\t\t\t\t\n<style>\n#image_939472496 {\n  width: 100%;\n}\n<\/style>\n\t<\/div>\n\t\n\t\t<\/div>\n\t\t\t\t\t<\/div>\n\n\t\n<\/div>\n\t<div id=\"gap-920445049\" class=\"gap-element clearfix\" style=\"display:block; height:auto;\">\n\t\t\n<style>\n#gap-920445049 {\n  padding-top: 0px;\n}\n@media (min-width:550px) {\n  #gap-920445049 {\n    padding-top: 100px;\n  }\n}\n<\/style>\n\t<\/div>\n\t\n","protected":false},"excerpt":{"rendered":"","protected":false},"author":1,"featured_media":0,"parent":0,"menu_order":0,"comment_status":"closed","ping_status":"closed","template":"page-blank.php","meta":{"footnotes":""},"class_list":["post-1403","page","type-page","status-publish","hentry"],"_links":{"self":[{"href":"https:\/\/kokana.co\/es\/wp-json\/wp\/v2\/pages\/1403","targetHints":{"allow":["GET"]}}],"collection":[{"href":"https:\/\/kokana.co\/es\/wp-json\/wp\/v2\/pages"}],"about":[{"href":"https:\/\/kokana.co\/es\/wp-json\/wp\/v2\/types\/page"}],"author":[{"embeddable":true,"href":"https:\/\/kokana.co\/es\/wp-json\/wp\/v2\/users\/1"}],"replies":[{"embeddable":true,"href":"https:\/\/kokana.co\/es\/wp-json\/wp\/v2\/comments?post=1403"}],"version-history":[{"count":12,"href":"https:\/\/kokana.co\/es\/wp-json\/wp\/v2\/pages\/1403\/revisions"}],"predecessor-version":[{"id":1731,"href":"https:\/\/kokana.co\/es\/wp-json\/wp\/v2\/pages\/1403\/revisions\/1731"}],"wp:attachment":[{"href":"https:\/\/kokana.co\/es\/wp-json\/wp\/v2\/media?parent=1403"}],"curies":[{"name":"wp","href":"https:\/\/api.w.org\/{rel}","templated":true}]}}